{"id":56458,"date":"2024-07-26T11:43:42","date_gmt":"2024-07-26T09:43:42","guid":{"rendered":"https:\/\/medpro-analytics.com\/home\/"},"modified":"2025-07-31T14:36:26","modified_gmt":"2025-07-31T12:36:26","slug":"home","status":"publish","type":"page","link":"https:\/\/medpro-analytics.com\/en\/","title":{"rendered":"Home"},"content":{"rendered":"<p>[et_pb_section fb_built=&#8221;1&#8243; disabled_on=&#8221;on|on|on&#8221; module_class=&#8221;home_main_section&#8221; _builder_version=&#8221;4.27.4&#8243; _module_preset=&#8221;default&#8221; use_background_color_gradient=&#8221;on&#8221; background_color_gradient_direction=&#8221;0deg&#8221; background_color_gradient_stops=&#8221;#004494 0%|rgba(0,68,148,0.7) 30%|rgba(239,239,239,0.01) 70%&#8221; background_color_gradient_overlays_image=&#8221;on&#8221; background_image=&#8221;https:\/\/medpro-analytics.com\/wp-content\/uploads\/2025\/04\/homemainimages.jpg&#8221; background_position=&#8221;top_center&#8221; disabled=&#8221;on&#8221; global_colors_info=&#8221;{}&#8221;][et_pb_row module_class=&#8221;home_main_section_row&#8221; _builder_version=&#8221;4.27.4&#8243; _module_preset=&#8221;default&#8221; background_color=&#8221;rgba(255,255,255,0.7)&#8221; global_colors_info=&#8221;{}&#8221;][et_pb_column type=&#8221;4_4&#8243; _builder_version=&#8221;4.27.4&#8243; _module_preset=&#8221;default&#8221; global_colors_info=&#8221;{}&#8221;][et_pb_heading title=&#8221;<span>SICHERHEIT TRIFFT VERTRAUEN:<\/span> AKKREDITIERTE MEDTECH-ANALYSEN AUF H\u00d6CHSTEM NIVEAU&#8221; module_class=&#8221;common_htags mb10&#8243; _builder_version=&#8221;4.27.4&#8243; _module_preset=&#8221;default&#8221; max_width=&#8221;920px&#8221; global_colors_info=&#8221;{}&#8221;][\/et_pb_heading][et_pb_text module_class=&#8221;fonts_22&#8243; _builder_version=&#8221;4.27.4&#8243; _module_preset=&#8221;default&#8221; global_colors_info=&#8221;{}&#8221;]medpro analytics ist Ihr unabh\u00e4ngiges, akkreditiertes Pr\u00fcflabor f\u00fcr die Medizintechnik. Mit wissenschaftlich fundierten Pr\u00fcfmethoden und zertifizierter Expertise liefern wir valide Ergebnisse, die Produktzulassungen beschleunigen und die Patientensicherheit gew\u00e4hrleisten.[\/et_pb_text][et_pb_image src=&#8221;https:\/\/medpro-analytics.com\/wp-content\/uploads\/2025\/06\/newdaksimage.jpg&#8221; title_text=&#8221;DAkkS logo&#8221; url=&#8221;\/qualitaetsversprechen\/&#8221; src_last_edited=&#8221;off|desktop&#8221; align_tablet=&#8221;&#8221; align_phone=&#8221;&#8221; align_last_edited=&#8221;on|phone&#8221; module_class=&#8221;full_image_width dakss_logo_class&#8221; _builder_version=&#8221;4.27.4&#8243; _module_preset=&#8221;default&#8221; module_alignment=&#8221;center&#8221; locked=&#8221;off&#8221; global_colors_info=&#8221;{}&#8221;][\/et_pb_image][\/et_pb_column][\/et_pb_row][\/et_pb_section][et_pb_section fb_built=&#8221;1&#8243; disabled_on=&#8221;off|off|off&#8221; module_class=&#8221;home_main_section&#8221; _builder_version=&#8221;4.27.4&#8243; _module_preset=&#8221;default&#8221; use_background_color_gradient=&#8221;on&#8221; background_color_gradient_direction=&#8221;0deg&#8221; background_color_gradient_stops=&#8221;#004494 0%|rgba(0,68,148,0.7) 30%|rgba(239,239,239,0.01) 70%&#8221; background_color_gradient_overlays_image=&#8221;on&#8221; background_image=&#8221;https:\/\/medpro-analytics.com\/wp-content\/uploads\/2025\/04\/homemainimages.jpg&#8221; background_position=&#8221;top_center&#8221; global_colors_info=&#8221;{}&#8221;][et_pb_row column_structure=&#8221;2_3,1_3&#8243; module_class=&#8221;home_main_section_row vam_a980&#8243; _builder_version=&#8221;4.27.4&#8243; _module_preset=&#8221;default&#8221; background_color=&#8221;rgba(255,255,255,0.7)&#8221; global_colors_info=&#8221;{}&#8221;][et_pb_column type=&#8221;2_3&#8243; _builder_version=&#8221;4.27.4&#8243; _module_preset=&#8221;default&#8221; global_colors_info=&#8221;{}&#8221;][et_pb_heading title=&#8221;<span>SAFETY MEETS TRUST \u2013<\/span> <br class=%22dn980%22>ACCREDITED MEDTECH ANALYSES AT THE HIGHEST LEVEL&#8221; module_class=&#8221;common_htags mb10&#8243; _builder_version=&#8221;4.27.4&#8243; _module_preset=&#8221;default&#8221; max_width=&#8221;920px&#8221; global_colors_info=&#8221;{}&#8221;][\/et_pb_heading][et_pb_text module_class=&#8221;fonts_22&#8243; _builder_version=&#8221;4.27.4&#8243; _module_preset=&#8221;default&#8221; global_colors_info=&#8221;{}&#8221;]MedPro Analytics is your independent, accredited testing laboratory for medical technology. We provide reliable, scientifically validated results that support faster product approvals and enhance patient safety\u2014backed by certified expertise and proven testing methods.[\/et_pb_text][\/et_pb_column][et_pb_column type=&#8221;1_3&#8243; _builder_version=&#8221;4.27.4&#8243; _module_preset=&#8221;default&#8221; global_colors_info=&#8221;{}&#8221;][et_pb_image src=&#8221;https:\/\/medpro-analytics.com\/wp-content\/uploads\/2025\/06\/newdaksimage.png&#8221; alt=&#8221;DAKKS &#8211; Medpro&#8221; url=&#8221;\/en\/accreditation\/&#8221; src_last_edited=&#8221;off|desktop&#8221; align_tablet=&#8221;&#8221; align_phone=&#8221;&#8221; align_last_edited=&#8221;on|phone&#8221; module_class=&#8221;full_image_width dakss_logo_class&#8221; _builder_version=&#8221;4.27.4&#8243; _module_preset=&#8221;default&#8221; module_alignment=&#8221;center&#8221; locked=&#8221;off&#8221; global_colors_info=&#8221;{}&#8221;][\/et_pb_image][\/et_pb_column][\/et_pb_row][\/et_pb_section][et_pb_section fb_built=&#8221;1&#8243; _builder_version=&#8221;4.27.4&#8243; _module_preset=&#8221;default&#8221; global_colors_info=&#8221;{}&#8221;][et_pb_row column_structure=&#8221;2_5,3_5&#8243; module_class=&#8221;vam_a980&#8243; _builder_version=&#8221;4.27.4&#8243; _module_preset=&#8221;default&#8221; global_colors_info=&#8221;{}&#8221;][et_pb_column type=&#8221;2_5&#8243; _builder_version=&#8221;4.27.4&#8243; _module_preset=&#8221;default&#8221; global_colors_info=&#8221;{}&#8221;][et_pb_image src=&#8221;https:\/\/medpro-analytics.com\/wp-content\/uploads\/2025\/04\/medpro-analytics-logo.png&#8221; alt=&#8221;Medpro analytics&#8221; module_class=&#8221;full_image_width imageoverLay obj_fit custom_logowithpinkbg&#8221; _builder_version=&#8221;4.27.4&#8243; _module_preset=&#8221;default&#8221; max_width_tablet=&#8221;400px&#8221; max_width_phone=&#8221;400px&#8221; max_width_last_edited=&#8221;on|tablet&#8221; global_colors_info=&#8221;{}&#8221;][\/et_pb_image][\/et_pb_column][et_pb_column type=&#8221;3_5&#8243; _builder_version=&#8221;4.27.4&#8243; _module_preset=&#8221;default&#8221; global_colors_info=&#8221;{}&#8221;][et_pb_heading title=&#8221;New era, proven quality \u2013 <br class=%22dn_b980%22>CPM Diagnostics becomes medpro analytics &#8221; module_class=&#8221;common_htags mb10&#8243; _builder_version=&#8221;4.27.4&#8243; _module_preset=&#8221;default&#8221; title_level=&#8221;h2&#8243; global_colors_info=&#8221;{}&#8221;][\/et_pb_heading][et_pb_text module_class=&#8221;fonts_20&#8243; _builder_version=&#8221;4.27.4&#8243; _module_preset=&#8221;default&#8221; global_colors_info=&#8221;{}&#8221;]At the turn of the year 2024\/2025, CPM Diagnostics GmbH became <strong>medpro analytics GmbH<\/strong>. Our new name reflects how we\u2019ve evolved\u2014highlighting our strong focus on specialized, independent analysis in the field of medical technology. What hasn\u2019t changed? Our validated testing procedures, decades of expert knowledge, and unwavering commitment to advancing MedTech quality assurance.<\/p>\n<p>As an <strong>accredited testing laboratory<\/strong>, we remain your trusted partner for testing medical devices\u2014delivering deep, science-based insights that go beyond regulatory compliance and create real added value for your development process.[\/et_pb_text][et_pb_code _builder_version=&#8221;4.27.4&#8243; _module_preset=&#8221;default&#8221; global_colors_info=&#8221;{}&#8221;]<a href=\"https:\/\/medpro-analytics.com\/en\/about-us\/\" class=\"et_pb_button common_button dib\"><span>Find out more about us<\/span><\/a>[\/et_pb_code][\/et_pb_column][\/et_pb_row][\/et_pb_section][et_pb_section fb_built=&#8221;1&#8243; _builder_version=&#8221;4.27.4&#8243; _module_preset=&#8221;default&#8221; background_color=&#8221;#9aa1cc&#8221; background_image=&#8221;https:\/\/medpro-analytics.com\/wp-content\/uploads\/2025\/04\/Group-2072752144.png&#8221; global_colors_info=&#8221;{}&#8221;][et_pb_row _builder_version=&#8221;4.27.4&#8243; _module_preset=&#8221;default&#8221; global_colors_info=&#8221;{}&#8221;][et_pb_column type=&#8221;4_4&#8243; _builder_version=&#8221;4.27.4&#8243; _module_preset=&#8221;default&#8221; global_colors_info=&#8221;{}&#8221;][et_pb_heading title=&#8221;Independent MedTech analyses at the highest level \u2013 our service portfolio for you&#8221; module_class=&#8221;common_htags mb10 text_center white_text maxHed_width&#8221; _builder_version=&#8221;4.27.4&#8243; _module_preset=&#8221;default&#8221; title_level=&#8221;h2&#8243; global_colors_info=&#8221;{}&#8221;][\/et_pb_heading][et_pb_text module_class=&#8221;fonts_20 text_center white_text max-width-laptop-9&#8243; _builder_version=&#8221;4.27.4&#8243; _module_preset=&#8221;default&#8221; module_alignment=&#8221;center&#8221; global_colors_info=&#8221;{}&#8221;]<\/p>\n<p>Safety and reliability in medical devices start with validated, robust testing procedures. Our analyses play a critical role in your product development, regulatory approval, and successful market launch in the field of medical technology.<\/p>\n<p>We offer a wide range of specialized analysis services tailored to your individual needs.<\/p>\n<p>[\/et_pb_text][\/et_pb_column][\/et_pb_row][et_pb_row column_structure=&#8221;1_2,1_2&#8243; use_custom_gutter=&#8221;on&#8221; gutter_width=&#8221;2&#8243; make_equal=&#8221;on&#8221; module_class=&#8221;serviceportfolio_main_row&#8221; _builder_version=&#8221;4.27.4&#8243; _module_preset=&#8221;default&#8221; global_colors_info=&#8221;{}&#8221;][et_pb_column type=&#8221;1_2&#8243; _builder_version=&#8221;4.27.4&#8243; _module_preset=&#8221;default&#8221; global_colors_info=&#8221;{}&#8221;][et_pb_blurb title=&#8221;Dynamic fatigue test according to DIN EN ISO 14801&#8243; url=&#8221;\/en\/dynamic-fatigue-test\/&#8221; image=&#8221;https:\/\/medpro-analytics.com\/wp-content\/uploads\/2025\/04\/Rectangle-342.png&#8221; alt=&#8221;Dynamic fatigue test according to DIN EN ISO 14801 &#8211; MedPro Analytics&#8221; module_class=&#8221;serviceportfolio_blurb&#8221; _builder_version=&#8221;4.27.4&#8243; _module_preset=&#8221;default&#8221; link_option_url=&#8221;\/en\/dynamic-fatigue-test\/&#8221; hover_enabled=&#8221;0&#8243; global_colors_info=&#8221;{}&#8221; sticky_enabled=&#8221;0&#8243;]<\/p>\n<p>Simulation of a mechanical load on your implants under standardized conditions. Essential for market authorization and proof of stability.<\/p>\n<p>[\/et_pb_blurb][\/et_pb_column][et_pb_column type=&#8221;1_2&#8243; _builder_version=&#8221;4.27.4&#8243; _module_preset=&#8221;default&#8221; global_colors_info=&#8221;{}&#8221;][et_pb_blurb title=&#8221;Industrial <br class=%22dn_b980%22>computed tomography&#8221; url=&#8221;\/en\/industrial-computed-tomography\/&#8221; image=&#8221;https:\/\/medpro-analytics.com\/wp-content\/uploads\/2025\/04\/Rectangle-342-1.png&#8221; alt=&#8221;Industrial computed tomography &#8211; MedPro Analytics&#8221; module_class=&#8221;serviceportfolio_blurb&#8221; _builder_version=&#8221;4.27.4&#8243; _module_preset=&#8221;default&#8221; link_option_url=&#8221;\/en\/industrial-computed-tomography\/&#8221; locked=&#8221;off&#8221; global_colors_info=&#8221;{}&#8221;]<\/p>\n<p>Contactless, high-precision 3D analyses of your components. Ideal for non-destructive analysis of the internal structures of the test sample.<\/p>\n<p>[\/et_pb_blurb][\/et_pb_column][\/et_pb_row][et_pb_row column_structure=&#8221;1_2,1_2&#8243; use_custom_gutter=&#8221;on&#8221; gutter_width=&#8221;2&#8243; make_equal=&#8221;on&#8221; module_class=&#8221;serviceportfolio_main_row pt0&#8243; _builder_version=&#8221;4.27.4&#8243; _module_preset=&#8221;default&#8221; global_colors_info=&#8221;{}&#8221;][et_pb_column type=&#8221;1_2&#8243; _builder_version=&#8221;4.27.4&#8243; _module_preset=&#8221;default&#8221; global_colors_info=&#8221;{}&#8221;][et_pb_blurb title=&#8221;Scanning electron microscopy (SEM\/EDX)&#8221; url=&#8221;\/en\/scanning-electron-microscopy-edx\/&#8221; image=&#8221;https:\/\/medpro-analytics.com\/wp-content\/uploads\/2025\/04\/Rectangle-342-2.png&#8221; alt=&#8221;Scanning electron microscopy (SEM\/EDX) &#8211; MedPro Analytics&#8221; module_class=&#8221;serviceportfolio_blurb&#8221; _builder_version=&#8221;4.27.4&#8243; _module_preset=&#8221;default&#8221; link_option_url=&#8221;\/en\/scanning-electron-microscopy-edx\/&#8221; global_colors_info=&#8221;{}&#8221;]<\/p>\n<p>High-resolution, valid analyses of surface cleanliness and quality of your components.<\/p>\n<p>[\/et_pb_blurb][\/et_pb_column][et_pb_column type=&#8221;1_2&#8243; _builder_version=&#8221;4.27.4&#8243; _module_preset=&#8221;default&#8221; global_colors_info=&#8221;{}&#8221;][et_pb_blurb title=&#8221;Contact-free roughness measurement&#8221; url=&#8221;\/en\/contact-free-roughness-measurement\/&#8221; image=&#8221;https:\/\/medpro-analytics.com\/wp-content\/uploads\/2025\/04\/Rectangle-342-3.png&#8221; alt=&#8221;Contact-free roughness measurement &#8211; MedPro Analytics&#8221; module_class=&#8221;serviceportfolio_blurb&#8221; _builder_version=&#8221;4.27.4&#8243; _module_preset=&#8221;default&#8221; link_option_url=&#8221;\/en\/contact-free-roughness-measurement\/&#8221; locked=&#8221;off&#8221; global_colors_info=&#8221;{}&#8221;]Precise measurement of surface topographies for functional and regulatory requirements. Decisive for implant performance and biocompatibility.[\/et_pb_blurb][\/et_pb_column][\/et_pb_row][et_pb_row column_structure=&#8221;1_2,1_2&#8243; use_custom_gutter=&#8221;on&#8221; gutter_width=&#8221;2&#8243; make_equal=&#8221;on&#8221; module_class=&#8221;serviceportfolio_main_row pt0 serviceportfolio_row-style2&#8243; _builder_version=&#8221;4.27.4&#8243; _module_preset=&#8221;default&#8221; global_colors_info=&#8221;{}&#8221;][et_pb_column type=&#8221;1_2&#8243; _builder_version=&#8221;4.27.4&#8243; _module_preset=&#8221;default&#8221; global_colors_info=&#8221;{}&#8221;][et_pb_blurb title=&#8221;Advice on <br class=%22dn_b980%22> testing performance&#8221; url=&#8221;\/en\/advice-on-testing-performance\/&#8221; image=&#8221;https:\/\/medpro-analytics.com\/wp-content\/uploads\/2025\/05\/Beratung-uber-Prufleistung.jpg&#8221; alt=&#8221;Advice on testing performance &#8211; MedPro Analytics&#8221; module_class=&#8221;serviceportfolio_blurb flex_blurb_pro img__radius&#8221; _builder_version=&#8221;4.27.4&#8243; _module_preset=&#8221;default&#8221; link_option_url=&#8221;\/en\/advice-on-testing-performance\/&#8221; global_colors_info=&#8221;{}&#8221;]Not sure what testing services you need for product approval or quality assurance?[\/et_pb_blurb][\/et_pb_column][et_pb_column type=&#8221;1_2&#8243; _builder_version=&#8221;4.27.4&#8243; _module_preset=&#8221;default&#8221; global_colors_info=&#8221;{}&#8221;][et_pb_blurb title=&#8221;Scanning electron microscopy images&#8221; url=&#8221;\/en\/scanning-electron-microscopy-images\/&#8221; image=&#8221;https:\/\/medpro-analytics.com\/wp-content\/uploads\/2025\/05\/Rasterelektronenmikroskop-Bilder.jpg&#8221; alt=&#8221;Scanning electron microscopy images &#8211; MedPro Analytics&#8221; module_class=&#8221;serviceportfolio_blurb flex_blurb_pro img__radius&#8221; _builder_version=&#8221;4.27.4&#8243; _module_preset=&#8221;default&#8221; link_option_url=&#8221;\/en\/scanning-electron-microscopy-images\/&#8221; locked=&#8221;off&#8221; global_colors_info=&#8221;{}&#8221;]Need impressive images of your scanning electron microscope analysis?[\/et_pb_blurb][\/et_pb_column][\/et_pb_row][\/et_pb_section][et_pb_section fb_built=&#8221;1&#8243; _builder_version=&#8221;4.27.4&#8243; _module_preset=&#8221;default&#8221; global_colors_info=&#8221;{}&#8221;][et_pb_row module_class=&#8221;pb0&#8243; _builder_version=&#8221;4.27.4&#8243; _module_preset=&#8221;default&#8221; max_width=&#8221;1000px&#8221; global_colors_info=&#8221;{}&#8221;][et_pb_column type=&#8221;4_4&#8243; _builder_version=&#8221;4.27.4&#8243; _module_preset=&#8221;default&#8221; global_colors_info=&#8221;{}&#8221;][et_pb_heading title=&#8221;Independent. Trustworthy. Accredited.&#8221; module_class=&#8221;common_htags mb10 text_center&#8221; _builder_version=&#8221;4.27.4&#8243; _module_preset=&#8221;default&#8221; title_level=&#8221;h2&#8243; global_colors_info=&#8221;{}&#8221;][\/et_pb_heading][et_pb_text module_class=&#8221;fonts_20 text_center&#8221; _builder_version=&#8221;4.27.4&#8243; _module_preset=&#8221;default&#8221; custom_margin=&#8221;||20px||false|false&#8221; global_colors_info=&#8221;{}&#8221;]<\/p>\n<p>Accreditation in accordance with <strong>DIN EN ISO\/IEC 17025:2018<\/strong> is more than just proof of quality \u2013 it is your assurance that our tests meet the highest international standards.<\/p>\n<p>[\/et_pb_text][\/et_pb_column][\/et_pb_row][et_pb_row column_structure=&#8221;3_5,2_5&#8243; _builder_version=&#8221;4.27.4&#8243; _module_preset=&#8221;default&#8221; global_colors_info=&#8221;{}&#8221;][et_pb_column type=&#8221;3_5&#8243; module_class=&#8221;mb0&#8243; _builder_version=&#8221;4.27.4&#8243; _module_preset=&#8221;default&#8221; global_colors_info=&#8221;{}&#8221;][et_pb_code module_class=&#8221;custom_checkList_style&#8221; _builder_version=&#8221;4.27.4&#8243; _module_preset=&#8221;default&#8221; custom_margin=&#8221;||20px||false|false&#8221; global_colors_info=&#8221;{}&#8221;]<\/p>\n<ul><!-- [et_pb_line_break_holder] -->  <\/p>\n<li><b>Neutral &#038; objective:<\/b> As an accredited laboratory, we operate independently and unbiased. <\/li>\n<p><!-- [et_pb_line_break_holder] -->  <\/p>\n<li><b>Regulatory safety:<\/b> Test reports with maximum acceptance for approval procedures.<\/li>\n<p><!-- [et_pb_line_break_holder] -->  <\/p>\n<li><b>Sustainable quality:<\/b> Regular analyses ensure consistently high standards.<\/li>\n<p> <!-- [et_pb_line_break_holder] --><\/ul>\n<p>[\/et_pb_code][et_pb_text module_class=&#8221;fonts_20&#8243; _builder_version=&#8221;4.27.4&#8243; _module_preset=&#8221;default&#8221; global_colors_info=&#8221;{}&#8221;]medpro analytics has been officially accredited since <strong>2013<\/strong>, and is therefore a reliable partner for manufacturers, users and regulatory authorities.[\/et_pb_text][et_pb_image src=&#8221;https:\/\/medpro-analytics.com\/wp-content\/uploads\/2025\/06\/newdaksimage.jpg&#8221; title_text=&#8221;Group 2072752129&#8243; url=&#8221;\/qualitaetsversprechen\/&#8221; disabled_on=&#8221;off|off|on&#8221; module_class=&#8221;full_image_width&#8221; _builder_version=&#8221;4.27.4&#8243; _module_preset=&#8221;default&#8221; locked=&#8221;off&#8221; global_colors_info=&#8221;{}&#8221;][\/et_pb_image][et_pb_code _builder_version=&#8221;4.27.4&#8243; _module_preset=&#8221;default&#8221; global_colors_info=&#8221;{}&#8221;]<a href=\"https:\/\/medpro-analytics.com\/en\/accreditation\/\" class=\"et_pb_button common_button dib\"><span>Accreditation<\/span><\/a>[\/et_pb_code][\/et_pb_column][et_pb_column type=&#8221;2_5&#8243; _builder_version=&#8221;4.27.4&#8243; _module_preset=&#8221;default&#8221; global_colors_info=&#8221;{}&#8221;][et_pb_image src=&#8221;https:\/\/medpro-analytics.com\/wp-content\/uploads\/2025\/06\/newdaksimage.jpg&#8221; alt=&#8221;DAKKS &#8211; Medpro&#8221; url=&#8221;\/en\/accreditation\/&#8221; disabled_on=&#8221;on|on|off&#8221; module_class=&#8221;full_image_width&#8221; _builder_version=&#8221;4.27.4&#8243; _module_preset=&#8221;default&#8221; global_colors_info=&#8221;{}&#8221;][\/et_pb_image][\/et_pb_column][\/et_pb_row][\/et_pb_section][et_pb_section fb_built=&#8221;1&#8243; module_class=&#8221;footer_cover_main_section&#8221; _builder_version=&#8221;4.27.4&#8243; _module_preset=&#8221;default&#8221; background_enable_color=&#8221;off&#8221; use_background_color_gradient=&#8221;on&#8221; background_color_gradient_stops=&#8221;rgba(0,68,148,0.6) 0%|rgba(0,68,148,0.6) 99%&#8221; background_color_gradient_overlays_image=&#8221;on&#8221; background_image=&#8221;https:\/\/medpro-analytics.com\/wp-content\/uploads\/2025\/05\/Beratung-durch-medpro-analytics-Experten-1.jpg&#8221; background_position=&#8221;top_center&#8221; global_colors_info=&#8221;{}&#8221;][et_pb_row module_class=&#8221;pt0 pb0&#8243; _builder_version=&#8221;4.27.4&#8243; _module_preset=&#8221;default&#8221; global_colors_info=&#8221;{}&#8221;][et_pb_column type=&#8221;4_4&#8243; _builder_version=&#8221;4.27.4&#8243; _module_preset=&#8221;default&#8221; global_colors_info=&#8221;{}&#8221;][et_pb_heading title=&#8221;Let us talk about your testing requirements.&#8221; module_class=&#8221;common_htags white_text text_center mb10&#8243; _builder_version=&#8221;4.27.4&#8243; _module_preset=&#8221;default&#8221; title_level=&#8221;h3&#8243; global_colors_info=&#8221;{}&#8221;][\/et_pb_heading][et_pb_text module_class=&#8221;fonts_20 white_text text_center&#8221; _builder_version=&#8221;4.27.4&#8243; _module_preset=&#8221;default&#8221; max_width=&#8221;970px&#8221; module_alignment=&#8221;center&#8221; global_colors_info=&#8221;{}&#8221;]<\/p>\n<p>Medical devices require the highest testing standards &#8211; we provide you with the reliable data you need. Contact our team of experts now for individual advice. <\/p>\n<p>[\/et_pb_text][et_pb_code module_class=&#8221;text_Center&#8221; _builder_version=&#8221;4.27.4&#8243; _module_preset=&#8221;default&#8221; global_colors_info=&#8221;{}&#8221;]<a href=\"https:\/\/medpro-analytics.com\/en\/contact\/\" class=\"et_pb_button common_button_white  dib\"><span>Contact us now <\/span><\/a>[\/et_pb_code][\/et_pb_column][\/et_pb_row][\/et_pb_section]<\/p>\n","protected":false},"excerpt":{"rendered":"<p>medpro analytics ist Ihr unabh\u00e4ngiges, akkreditiertes Pr\u00fcflabor f\u00fcr die Medizintechnik. Mit wissenschaftlich fundierten Pr\u00fcfmethoden und zertifizierter Expertise liefern wir valide Ergebnisse, die Produktzulassungen beschleunigen und die Patientensicherheit gew\u00e4hrleisten.MedPro Analytics is your independent, accredited testing laboratory for medical technology. We provide reliable, scientifically validated results that support faster product approvals and enhance patient safety\u2014backed by certified [&hellip;]<\/p>\n","protected":false},"author":3,"featured_media":0,"parent":0,"menu_order":0,"comment_status":"closed","ping_status":"closed","template":"","meta":{"_et_pb_use_builder":"on","_et_pb_old_content":"","_et_gb_content_width":"","footnotes":""},"class_list":["post-56458","page","type-page","status-publish","hentry"],"_links":{"self":[{"href":"https:\/\/medpro-analytics.com\/en\/wp-json\/wp\/v2\/pages\/56458","targetHints":{"allow":["GET"]}}],"collection":[{"href":"https:\/\/medpro-analytics.com\/en\/wp-json\/wp\/v2\/pages"}],"about":[{"href":"https:\/\/medpro-analytics.com\/en\/wp-json\/wp\/v2\/types\/page"}],"author":[{"embeddable":true,"href":"https:\/\/medpro-analytics.com\/en\/wp-json\/wp\/v2\/users\/3"}],"replies":[{"embeddable":true,"href":"https:\/\/medpro-analytics.com\/en\/wp-json\/wp\/v2\/comments?post=56458"}],"version-history":[{"count":15,"href":"https:\/\/medpro-analytics.com\/en\/wp-json\/wp\/v2\/pages\/56458\/revisions"}],"predecessor-version":[{"id":56725,"href":"https:\/\/medpro-analytics.com\/en\/wp-json\/wp\/v2\/pages\/56458\/revisions\/56725"}],"wp:attachment":[{"href":"https:\/\/medpro-analytics.com\/en\/wp-json\/wp\/v2\/media?parent=56458"}],"curies":[{"name":"wp","href":"https:\/\/api.w.org\/{rel}","templated":true}]}}